{"id":2541,"date":"2017-09-14T11:18:15","date_gmt":"2017-09-14T09:18:15","guid":{"rendered":"https:\/\/www.enmo.eu\/produits\/bruel-kjaer-vibro-machineconditie-safety-monitoring\/transducers\/transmitters\/"},"modified":"2021-01-15T17:29:08","modified_gmt":"2021-01-15T16:29:08","slug":"transmitters","status":"publish","type":"page","link":"https:\/\/www.enmo.eu\/fr\/produits\/bruel-kjaer-vibro-machineconditie-safety-monitoring\/transducers\/transmitters\/","title":{"rendered":"Transmetteurs"},"content":{"rendered":"","protected":false},"excerpt":{"rendered":"","protected":false},"author":6,"featured_media":2510,"parent":2539,"menu_order":116,"comment_status":"closed","ping_status":"closed","template":"page-product.php","meta":{"_acf_changed":false,"footnotes":""},"class_list":["post-2541","page","type-page","status-publish","has-post-thumbnail","hentry"],"acf":[],"yoast_head":"<!-- This site is optimized with the Yoast SEO plugin v27.5 - https:\/\/yoast.com\/product\/yoast-seo-wordpress\/ -->\n<title>Transmetteurs - ENMO<\/title>\n<meta name=\"robots\" content=\"index, follow, max-snippet:-1, max-image-preview:large, max-video-preview:-1\" \/>\n<link rel=\"canonical\" href=\"https:\/\/www.enmo.eu\/fr\/produits\/bruel-kjaer-vibro-machineconditie-safety-monitoring\/transducers\/transmitters\/\" \/>\n<meta property=\"og:locale\" content=\"fr_FR\" \/>\n<meta property=\"og:type\" content=\"article\" \/>\n<meta property=\"og:title\" content=\"Transmetteurs - ENMO\" \/>\n<meta property=\"og:url\" content=\"https:\/\/www.enmo.eu\/fr\/produits\/bruel-kjaer-vibro-machineconditie-safety-monitoring\/transducers\/transmitters\/\" \/>\n<meta property=\"og:site_name\" content=\"ENMO\" \/>\n<meta property=\"article:modified_time\" content=\"2021-01-15T16:29:08+00:00\" \/>\n<meta property=\"og:image\" content=\"https:\/\/www.enmo.eu\/wp-content\/uploads\/2017\/09\/Transmitters.jpg\" \/>\n\t<meta property=\"og:image:width\" content=\"1754\" \/>\n\t<meta property=\"og:image:height\" content=\"1240\" \/>\n\t<meta property=\"og:image:type\" content=\"image\/jpeg\" \/>\n<meta name=\"twitter:card\" content=\"summary_large_image\" \/>\n<script type=\"application\/ld+json\" class=\"yoast-schema-graph\">{\"@context\":\"https:\\\/\\\/schema.org\",\"@graph\":[{\"@type\":\"WebPage\",\"@id\":\"https:\\\/\\\/www.enmo.eu\\\/fr\\\/produits\\\/bruel-kjaer-vibro-machineconditie-safety-monitoring\\\/transducers\\\/transmitters\\\/\",\"url\":\"https:\\\/\\\/www.enmo.eu\\\/fr\\\/produits\\\/bruel-kjaer-vibro-machineconditie-safety-monitoring\\\/transducers\\\/transmitters\\\/\",\"name\":\"Transmetteurs - ENMO\",\"isPartOf\":{\"@id\":\"https:\\\/\\\/www.enmo.eu\\\/fr\\\/#website\"},\"primaryImageOfPage\":{\"@id\":\"https:\\\/\\\/www.enmo.eu\\\/fr\\\/produits\\\/bruel-kjaer-vibro-machineconditie-safety-monitoring\\\/transducers\\\/transmitters\\\/#primaryimage\"},\"image\":{\"@id\":\"https:\\\/\\\/www.enmo.eu\\\/fr\\\/produits\\\/bruel-kjaer-vibro-machineconditie-safety-monitoring\\\/transducers\\\/transmitters\\\/#primaryimage\"},\"thumbnailUrl\":\"https:\\\/\\\/www.enmo.eu\\\/wp-content\\\/uploads\\\/2017\\\/09\\\/Transmitters.jpg\",\"datePublished\":\"2017-09-14T09:18:15+00:00\",\"dateModified\":\"2021-01-15T16:29:08+00:00\",\"breadcrumb\":{\"@id\":\"https:\\\/\\\/www.enmo.eu\\\/fr\\\/produits\\\/bruel-kjaer-vibro-machineconditie-safety-monitoring\\\/transducers\\\/transmitters\\\/#breadcrumb\"},\"inLanguage\":\"fr-FR\",\"potentialAction\":[{\"@type\":\"ReadAction\",\"target\":[\"https:\\\/\\\/www.enmo.eu\\\/fr\\\/produits\\\/bruel-kjaer-vibro-machineconditie-safety-monitoring\\\/transducers\\\/transmitters\\\/\"]}]},{\"@type\":\"ImageObject\",\"inLanguage\":\"fr-FR\",\"@id\":\"https:\\\/\\\/www.enmo.eu\\\/fr\\\/produits\\\/bruel-kjaer-vibro-machineconditie-safety-monitoring\\\/transducers\\\/transmitters\\\/#primaryimage\",\"url\":\"https:\\\/\\\/www.enmo.eu\\\/wp-content\\\/uploads\\\/2017\\\/09\\\/Transmitters.jpg\",\"contentUrl\":\"https:\\\/\\\/www.enmo.eu\\\/wp-content\\\/uploads\\\/2017\\\/09\\\/Transmitters.jpg\",\"width\":1754,\"height\":1240},{\"@type\":\"BreadcrumbList\",\"@id\":\"https:\\\/\\\/www.enmo.eu\\\/fr\\\/produits\\\/bruel-kjaer-vibro-machineconditie-safety-monitoring\\\/transducers\\\/transmitters\\\/#breadcrumb\",\"itemListElement\":[{\"@type\":\"ListItem\",\"position\":1,\"name\":\"Home\",\"item\":\"https:\\\/\\\/www.enmo.eu\\\/fr\\\/\"},{\"@type\":\"ListItem\",\"position\":2,\"name\":\"Produits\",\"item\":\"https:\\\/\\\/www.enmo.eu\\\/fr\\\/produits\\\/\"},{\"@type\":\"ListItem\",\"position\":3,\"name\":\"Br\u00fcel &#038; Kj\u00e6r Vibro: Surveillance conditionnelle et s\u00e9curit\u00e9 des machines\",\"item\":\"https:\\\/\\\/www.enmo.eu\\\/fr\\\/produits\\\/bruel-kjaer-vibro-machineconditie-safety-monitoring\\\/\"},{\"@type\":\"ListItem\",\"position\":4,\"name\":\"Capteurs de vibration\",\"item\":\"https:\\\/\\\/www.enmo.eu\\\/fr\\\/produits\\\/bruel-kjaer-vibro-machineconditie-safety-monitoring\\\/transducers\\\/\"},{\"@type\":\"ListItem\",\"position\":5,\"name\":\"Transmetteurs\"}]},{\"@type\":\"WebSite\",\"@id\":\"https:\\\/\\\/www.enmo.eu\\\/fr\\\/#website\",\"url\":\"https:\\\/\\\/www.enmo.eu\\\/fr\\\/\",\"name\":\"ENMO\",\"description\":\"Sound &amp; Vibration Technology\",\"potentialAction\":[{\"@type\":\"SearchAction\",\"target\":{\"@type\":\"EntryPoint\",\"urlTemplate\":\"https:\\\/\\\/www.enmo.eu\\\/fr\\\/?s={search_term_string}\"},\"query-input\":{\"@type\":\"PropertyValueSpecification\",\"valueRequired\":true,\"valueName\":\"search_term_string\"}}],\"inLanguage\":\"fr-FR\"}]}<\/script>\n<!-- \/ Yoast SEO plugin. -->","yoast_head_json":{"title":"Transmetteurs - ENMO","robots":{"index":"index","follow":"follow","max-snippet":"max-snippet:-1","max-image-preview":"max-image-preview:large","max-video-preview":"max-video-preview:-1"},"canonical":"https:\/\/www.enmo.eu\/fr\/produits\/bruel-kjaer-vibro-machineconditie-safety-monitoring\/transducers\/transmitters\/","og_locale":"fr_FR","og_type":"article","og_title":"Transmetteurs - ENMO","og_url":"https:\/\/www.enmo.eu\/fr\/produits\/bruel-kjaer-vibro-machineconditie-safety-monitoring\/transducers\/transmitters\/","og_site_name":"ENMO","article_modified_time":"2021-01-15T16:29:08+00:00","og_image":[{"width":1754,"height":1240,"url":"https:\/\/www.enmo.eu\/wp-content\/uploads\/2017\/09\/Transmitters.jpg","type":"image\/jpeg"}],"twitter_card":"summary_large_image","schema":{"@context":"https:\/\/schema.org","@graph":[{"@type":"WebPage","@id":"https:\/\/www.enmo.eu\/fr\/produits\/bruel-kjaer-vibro-machineconditie-safety-monitoring\/transducers\/transmitters\/","url":"https:\/\/www.enmo.eu\/fr\/produits\/bruel-kjaer-vibro-machineconditie-safety-monitoring\/transducers\/transmitters\/","name":"Transmetteurs - ENMO","isPartOf":{"@id":"https:\/\/www.enmo.eu\/fr\/#website"},"primaryImageOfPage":{"@id":"https:\/\/www.enmo.eu\/fr\/produits\/bruel-kjaer-vibro-machineconditie-safety-monitoring\/transducers\/transmitters\/#primaryimage"},"image":{"@id":"https:\/\/www.enmo.eu\/fr\/produits\/bruel-kjaer-vibro-machineconditie-safety-monitoring\/transducers\/transmitters\/#primaryimage"},"thumbnailUrl":"https:\/\/www.enmo.eu\/wp-content\/uploads\/2017\/09\/Transmitters.jpg","datePublished":"2017-09-14T09:18:15+00:00","dateModified":"2021-01-15T16:29:08+00:00","breadcrumb":{"@id":"https:\/\/www.enmo.eu\/fr\/produits\/bruel-kjaer-vibro-machineconditie-safety-monitoring\/transducers\/transmitters\/#breadcrumb"},"inLanguage":"fr-FR","potentialAction":[{"@type":"ReadAction","target":["https:\/\/www.enmo.eu\/fr\/produits\/bruel-kjaer-vibro-machineconditie-safety-monitoring\/transducers\/transmitters\/"]}]},{"@type":"ImageObject","inLanguage":"fr-FR","@id":"https:\/\/www.enmo.eu\/fr\/produits\/bruel-kjaer-vibro-machineconditie-safety-monitoring\/transducers\/transmitters\/#primaryimage","url":"https:\/\/www.enmo.eu\/wp-content\/uploads\/2017\/09\/Transmitters.jpg","contentUrl":"https:\/\/www.enmo.eu\/wp-content\/uploads\/2017\/09\/Transmitters.jpg","width":1754,"height":1240},{"@type":"BreadcrumbList","@id":"https:\/\/www.enmo.eu\/fr\/produits\/bruel-kjaer-vibro-machineconditie-safety-monitoring\/transducers\/transmitters\/#breadcrumb","itemListElement":[{"@type":"ListItem","position":1,"name":"Home","item":"https:\/\/www.enmo.eu\/fr\/"},{"@type":"ListItem","position":2,"name":"Produits","item":"https:\/\/www.enmo.eu\/fr\/produits\/"},{"@type":"ListItem","position":3,"name":"Br\u00fcel &#038; Kj\u00e6r Vibro: Surveillance conditionnelle et s\u00e9curit\u00e9 des machines","item":"https:\/\/www.enmo.eu\/fr\/produits\/bruel-kjaer-vibro-machineconditie-safety-monitoring\/"},{"@type":"ListItem","position":4,"name":"Capteurs de vibration","item":"https:\/\/www.enmo.eu\/fr\/produits\/bruel-kjaer-vibro-machineconditie-safety-monitoring\/transducers\/"},{"@type":"ListItem","position":5,"name":"Transmetteurs"}]},{"@type":"WebSite","@id":"https:\/\/www.enmo.eu\/fr\/#website","url":"https:\/\/www.enmo.eu\/fr\/","name":"ENMO","description":"Sound &amp; Vibration Technology","potentialAction":[{"@type":"SearchAction","target":{"@type":"EntryPoint","urlTemplate":"https:\/\/www.enmo.eu\/fr\/?s={search_term_string}"},"query-input":{"@type":"PropertyValueSpecification","valueRequired":true,"valueName":"search_term_string"}}],"inLanguage":"fr-FR"}]}},"_links":{"self":[{"href":"https:\/\/www.enmo.eu\/fr\/wp-json\/wp\/v2\/pages\/2541","targetHints":{"allow":["GET"]}}],"collection":[{"href":"https:\/\/www.enmo.eu\/fr\/wp-json\/wp\/v2\/pages"}],"about":[{"href":"https:\/\/www.enmo.eu\/fr\/wp-json\/wp\/v2\/types\/page"}],"author":[{"embeddable":true,"href":"https:\/\/www.enmo.eu\/fr\/wp-json\/wp\/v2\/users\/6"}],"replies":[{"embeddable":true,"href":"https:\/\/www.enmo.eu\/fr\/wp-json\/wp\/v2\/comments?post=2541"}],"version-history":[{"count":2,"href":"https:\/\/www.enmo.eu\/fr\/wp-json\/wp\/v2\/pages\/2541\/revisions"}],"predecessor-version":[{"id":2543,"href":"https:\/\/www.enmo.eu\/fr\/wp-json\/wp\/v2\/pages\/2541\/revisions\/2543"}],"up":[{"embeddable":true,"href":"https:\/\/www.enmo.eu\/fr\/wp-json\/wp\/v2\/pages\/2539"}],"wp:featuredmedia":[{"embeddable":true,"href":"https:\/\/www.enmo.eu\/fr\/wp-json\/wp\/v2\/media\/2510"}],"wp:attachment":[{"href":"https:\/\/www.enmo.eu\/fr\/wp-json\/wp\/v2\/media?parent=2541"}],"curies":[{"name":"wp","href":"https:\/\/api.w.org\/{rel}","templated":true}]}}